{"id":424,"date":"2022-05-19T06:27:13","date_gmt":"2022-05-19T06:27:13","guid":{"rendered":"https:\/\/norrbyhamn.fi\/?page_id=424"},"modified":"2025-08-01T17:53:06","modified_gmt":"2025-08-01T17:53:06","slug":"inio-lanthandel-2","status":"publish","type":"page","link":"https:\/\/norrbyhamn.fi\/index.php\/inio-lanthandel-2\/","title":{"rendered":"INI\u00d6 LANTHANDEL"},"content":{"rendered":"\t\t<div data-elementor-type=\"wp-page\" data-elementor-id=\"424\" class=\"elementor elementor-424\">\n\t\t\t\t\t\t\t\t\t<section class=\"elementor-section elementor-top-section elementor-element elementor-element-32343ba elementor-section-boxed elementor-section-height-default elementor-section-height-default\" data-id=\"32343ba\" data-element_type=\"section\">\n\t\t\t\t\t\t<div class=\"elementor-container elementor-column-gap-default\">\n\t\t\t\t\t<div class=\"elementor-column elementor-col-100 elementor-top-column elementor-element elementor-element-a1aabf9\" data-id=\"a1aabf9\" data-element_type=\"column\">\n\t\t\t<div class=\"elementor-widget-wrap elementor-element-populated\">\n\t\t\t\t\t\t\t\t<div class=\"elementor-element elementor-element-3a2d139 elementor-widget elementor-widget-heading\" data-id=\"3a2d139\" data-element_type=\"widget\" data-widget_type=\"heading.default\">\n\t\t\t\t<div class=\"elementor-widget-container\">\n\t\t\t<style>\/*! elementor - v3.6.5 - 27-04-2022 *\/\n.elementor-heading-title{padding:0;margin:0;line-height:1}.elementor-widget-heading .elementor-heading-title[class*=elementor-size-]>a{color:inherit;font-size:inherit;line-height:inherit}.elementor-widget-heading .elementor-heading-title.elementor-size-small{font-size:15px}.elementor-widget-heading .elementor-heading-title.elementor-size-medium{font-size:19px}.elementor-widget-heading .elementor-heading-title.elementor-size-large{font-size:29px}.elementor-widget-heading .elementor-heading-title.elementor-size-xl{font-size:39px}.elementor-widget-heading .elementor-heading-title.elementor-size-xxl{font-size:59px}<\/style><h2 class=\"elementor-heading-title elementor-size-default\">Ini\u00f6 Lanthandel<\/h2>\t\t<\/div>\n\t\t\t\t<\/div>\n\t\t\t\t<div class=\"elementor-element elementor-element-6e49955 elementor-widget elementor-widget-text-editor\" data-id=\"6e49955\" data-element_type=\"widget\" data-widget_type=\"text-editor.default\">\n\t\t\t\t<div class=\"elementor-widget-container\">\n\t\t\t<style>\/*! elementor - v3.6.5 - 27-04-2022 *\/\n.elementor-widget-text-editor.elementor-drop-cap-view-stacked .elementor-drop-cap{background-color:#818a91;color:#fff}.elementor-widget-text-editor.elementor-drop-cap-view-framed .elementor-drop-cap{color:#818a91;border:3px solid;background-color:transparent}.elementor-widget-text-editor:not(.elementor-drop-cap-view-default) .elementor-drop-cap{margin-top:8px}.elementor-widget-text-editor:not(.elementor-drop-cap-view-default) .elementor-drop-cap-letter{width:1em;height:1em}.elementor-widget-text-editor .elementor-drop-cap{float:left;text-align:center;line-height:1;font-size:50px}.elementor-widget-text-editor .elementor-drop-cap-letter{display:inline-block}<\/style>\t\t\t\t<p>Jo vuodesta 1921 toiminut kyl\u00e4kauppa palvelee vuoden ymp\u00e4ri. Valikoima kaupassa on monipuolinen vaikkakin kompakti. Tarvittaessa kauppaan voi my\u00f6s tehd\u00e4 tilauksia, ja ruokakassit pakataan valmiiksi noutoa varten. <\/p>\t\t\t\t\t\t<\/div>\n\t\t\t\t<\/div>\n\t\t\t\t\t<\/div>\n\t\t<\/div>\n\t\t\t\t\t\t\t<\/div>\n\t\t<\/section>\n\t\t\t\t<section class=\"elementor-section elementor-top-section elementor-element elementor-element-d8d678b elementor-section-boxed elementor-section-height-default elementor-section-height-default\" data-id=\"d8d678b\" data-element_type=\"section\">\n\t\t\t\t\t\t<div class=\"elementor-container elementor-column-gap-default\">\n\t\t\t\t\t<div class=\"elementor-column elementor-col-100 elementor-top-column elementor-element elementor-element-2e6bfce\" data-id=\"2e6bfce\" data-element_type=\"column\">\n\t\t\t<div class=\"elementor-widget-wrap elementor-element-populated\">\n\t\t\t\t\t\t\t\t<div class=\"elementor-element elementor-element-a05888b elementor-widget elementor-widget-heading\" data-id=\"a05888b\" data-element_type=\"widget\" data-widget_type=\"heading.default\">\n\t\t\t\t<div class=\"elementor-widget-container\">\n\t\t\t<h2 class=\"elementor-heading-title elementor-size-default\">PALVELUMME<\/h2>\t\t<\/div>\n\t\t\t\t<\/div>\n\t\t\t\t\t<\/div>\n\t\t<\/div>\n\t\t\t\t\t\t\t<\/div>\n\t\t<\/section>\n\t\t\t\t<section class=\"elementor-section elementor-top-section elementor-element elementor-element-dcea19e elementor-section-boxed elementor-section-height-default elementor-section-height-default\" data-id=\"dcea19e\" data-element_type=\"section\">\n\t\t\t\t\t\t<div class=\"elementor-container elementor-column-gap-default\">\n\t\t\t\t\t<div class=\"elementor-column elementor-col-33 elementor-top-column elementor-element elementor-element-ea2e392\" data-id=\"ea2e392\" data-element_type=\"column\">\n\t\t\t<div class=\"elementor-widget-wrap elementor-element-populated\">\n\t\t\t\t\t\t\t\t<div class=\"elementor-element elementor-element-92fe5ad elementor-widget elementor-widget-image\" data-id=\"92fe5ad\" data-element_type=\"widget\" data-widget_type=\"image.default\">\n\t\t\t\t<div class=\"elementor-widget-container\">\n\t\t\t<style>\/*! elementor - v3.6.5 - 27-04-2022 *\/\n.elementor-widget-image{text-align:center}.elementor-widget-image a{display:inline-block}.elementor-widget-image a img[src$=\".svg\"]{width:48px}.elementor-widget-image img{vertical-align:middle;display:inline-block}<\/style>\t\t\t\t\t\t\t\t\t\t\t\t<img width=\"100\" height=\"100\" src=\"https:\/\/norrbyhamn.fi\/wp-content\/uploads\/2022\/05\/3g2fao-1.svg\" class=\"attachment-medium size-medium\" alt=\"\" loading=\"lazy\" \/>\t\t\t\t\t\t\t\t\t\t\t\t\t\t\t<\/div>\n\t\t\t\t<\/div>\n\t\t\t\t<div class=\"elementor-element elementor-element-0362628 elementor-widget elementor-widget-heading\" data-id=\"0362628\" data-element_type=\"widget\" data-widget_type=\"heading.default\">\n\t\t\t\t<div class=\"elementor-widget-container\">\n\t\t\t<h2 class=\"elementor-heading-title elementor-size-default\">AUKIOLOAJAT <\/h2>\t\t<\/div>\n\t\t\t\t<\/div>\n\t\t\t\t<div class=\"elementor-element elementor-element-eed1853 elementor-widget elementor-widget-text-editor\" data-id=\"eed1853\" data-element_type=\"widget\" data-widget_type=\"text-editor.default\">\n\t\t\t\t<div class=\"elementor-widget-container\">\n\t\t\t\t\t\t\t<p>Maanantai &#8211; Perjantai<br \/>klo. 9.00 &#8211; 17.00<\/p><p>Lauantai <br \/>klo 9.00 &#8211; 15.00<\/p>\t\t\t\t\t\t<\/div>\n\t\t\t\t<\/div>\n\t\t\t\t\t<\/div>\n\t\t<\/div>\n\t\t\t\t<div class=\"elementor-column elementor-col-33 elementor-top-column elementor-element elementor-element-8446076\" data-id=\"8446076\" data-element_type=\"column\">\n\t\t\t<div class=\"elementor-widget-wrap elementor-element-populated\">\n\t\t\t\t\t\t\t\t<div class=\"elementor-element elementor-element-287b609 elementor-widget elementor-widget-image\" data-id=\"287b609\" data-element_type=\"widget\" data-widget_type=\"image.default\">\n\t\t\t\t<div class=\"elementor-widget-container\">\n\t\t\t\t\t\t\t\t\t\t\t\t\t\t\t<img width=\"31\" height=\"32\" src=\"https:\/\/norrbyhamn.fi\/wp-content\/uploads\/2022\/05\/23jb6p.svg\" class=\"attachment-medium size-medium\" alt=\"\" loading=\"lazy\" \/>\t\t\t\t\t\t\t\t\t\t\t\t\t\t\t<\/div>\n\t\t\t\t<\/div>\n\t\t\t\t<div class=\"elementor-element elementor-element-26b9081 elementor-widget elementor-widget-heading\" data-id=\"26b9081\" data-element_type=\"widget\" data-widget_type=\"heading.default\">\n\t\t\t\t<div class=\"elementor-widget-container\">\n\t\t\t<h2 class=\"elementor-heading-title elementor-size-default\">PULLONPALAUTUS <\/h2>\t\t<\/div>\n\t\t\t\t<\/div>\n\t\t\t\t<div class=\"elementor-element elementor-element-511a6de elementor-widget elementor-widget-text-editor\" data-id=\"511a6de\" data-element_type=\"widget\" data-widget_type=\"text-editor.default\">\n\t\t\t\t<div class=\"elementor-widget-container\">\n\t\t\t\t\t\t\t<p>Kaupassa on my\u00f6s pullonpalautuspiste. Laskemme pullot k\u00e4sin, joten eth\u00e4n tuo kerralla suuria m\u00e4\u00e4ri\u00e4, etenkin viikonloppuisin ja ruuhka-aikaan. <strong>Emme voi ottaa vastaan lasipulloja<\/strong>. Lasinker\u00e4ys l\u00f6ytyy j\u00e4tteenhuoltopisteelt\u00e4.<\/p>\t\t\t\t\t\t<\/div>\n\t\t\t\t<\/div>\n\t\t\t\t\t<\/div>\n\t\t<\/div>\n\t\t\t\t<div class=\"elementor-column elementor-col-33 elementor-top-column elementor-element elementor-element-6544b41\" data-id=\"6544b41\" data-element_type=\"column\">\n\t\t\t<div class=\"elementor-widget-wrap elementor-element-populated\">\n\t\t\t\t\t\t\t\t<div class=\"elementor-element elementor-element-f13ce05 elementor-widget elementor-widget-image\" data-id=\"f13ce05\" data-element_type=\"widget\" data-widget_type=\"image.default\">\n\t\t\t\t<div class=\"elementor-widget-container\">\n\t\t\t\t\t\t\t\t\t\t\t\t\t\t\t<img width=\"100\" height=\"100\" src=\"https:\/\/norrbyhamn.fi\/wp-content\/uploads\/2022\/05\/1sy53q.svg\" class=\"attachment-medium size-medium\" alt=\"\" loading=\"lazy\" \/>\t\t\t\t\t\t\t\t\t\t\t\t\t\t\t<\/div>\n\t\t\t\t<\/div>\n\t\t\t\t<div class=\"elementor-element elementor-element-afde158 elementor-widget elementor-widget-heading\" data-id=\"afde158\" data-element_type=\"widget\" data-widget_type=\"heading.default\">\n\t\t\t\t<div class=\"elementor-widget-container\">\n\t\t\t<h2 class=\"elementor-heading-title elementor-size-default\">PUUTAVARA YMS. <\/h2>\t\t<\/div>\n\t\t\t\t<\/div>\n\t\t\t\t<div class=\"elementor-element elementor-element-de3e209 elementor-widget elementor-widget-text-editor\" data-id=\"de3e209\" data-element_type=\"widget\" data-widget_type=\"text-editor.default\">\n\t\t\t\t<div class=\"elementor-widget-container\">\n\t\t\t\t\t\t\t<p>Meilt\u00e4 l\u00f6ytyy my\u00f6s puutavaraa, kompostikuiviketta, multaa ja paljon muuta.<\/p>\t\t\t\t\t\t<\/div>\n\t\t\t\t<\/div>\n\t\t\t\t\t<\/div>\n\t\t<\/div>\n\t\t\t\t\t\t\t<\/div>\n\t\t<\/section>\n\t\t\t\t\t\t\t<\/div>\n\t\t","protected":false},"excerpt":{"rendered":"<p>Ini\u00f6 Lanthandel Jo vuodesta 1921 toiminut kyl\u00e4kauppa palvelee vuoden ymp\u00e4ri. Valikoima kaupassa on monipuolinen vaikkakin kompakti. Tarvittaessa kauppaan voi my\u00f6s tehd\u00e4 tilauksia, ja ruokakassit pakataan valmiiksi noutoa varten. PALVELUMME AUKIOLOAJAT Maanantai &#8211; Perjantaiklo. 9.00 &#8211; 17.00 Lauantai klo 9.00 &#8211; 15.00 PULLONPALAUTUS Kaupassa on my\u00f6s pullonpalautuspiste. Laskemme pullot k\u00e4sin, joten eth\u00e4n tuo kerralla suuria m\u00e4\u00e4ri\u00e4, [&hellip;]<\/p>\n","protected":false},"author":1,"featured_media":1013,"parent":0,"menu_order":0,"comment_status":"closed","ping_status":"closed","template":"","meta":[],"_links":{"self":[{"href":"https:\/\/norrbyhamn.fi\/index.php\/wp-json\/wp\/v2\/pages\/424"}],"collection":[{"href":"https:\/\/norrbyhamn.fi\/index.php\/wp-json\/wp\/v2\/pages"}],"about":[{"href":"https:\/\/norrbyhamn.fi\/index.php\/wp-json\/wp\/v2\/types\/page"}],"author":[{"embeddable":true,"href":"https:\/\/norrbyhamn.fi\/index.php\/wp-json\/wp\/v2\/users\/1"}],"replies":[{"embeddable":true,"href":"https:\/\/norrbyhamn.fi\/index.php\/wp-json\/wp\/v2\/comments?post=424"}],"version-history":[{"count":66,"href":"https:\/\/norrbyhamn.fi\/index.php\/wp-json\/wp\/v2\/pages\/424\/revisions"}],"predecessor-version":[{"id":1067,"href":"https:\/\/norrbyhamn.fi\/index.php\/wp-json\/wp\/v2\/pages\/424\/revisions\/1067"}],"wp:featuredmedia":[{"embeddable":true,"href":"https:\/\/norrbyhamn.fi\/index.php\/wp-json\/wp\/v2\/media\/1013"}],"wp:attachment":[{"href":"https:\/\/norrbyhamn.fi\/index.php\/wp-json\/wp\/v2\/media?parent=424"}],"curies":[{"name":"wp","href":"https:\/\/api.w.org\/{rel}","templated":true}]}}