{"id":461,"date":"2022-05-19T06:39:57","date_gmt":"2022-05-19T06:39:57","guid":{"rendered":"https:\/\/norrbyhamn.fi\/?page_id=461"},"modified":"2022-05-19T07:49:40","modified_gmt":"2022-05-19T07:49:40","slug":"inio-2","status":"publish","type":"page","link":"https:\/\/norrbyhamn.fi\/index.php\/inio-2\/","title":{"rendered":"INI\u00d6"},"content":{"rendered":"\t\t<div data-elementor-type=\"wp-page\" data-elementor-id=\"461\" class=\"elementor elementor-461\">\n\t\t\t\t\t\t\t\t\t<section class=\"elementor-section elementor-top-section elementor-element elementor-element-8ca37a5 elementor-section-boxed elementor-section-height-default elementor-section-height-default\" data-id=\"8ca37a5\" data-element_type=\"section\">\n\t\t\t\t\t\t<div class=\"elementor-container elementor-column-gap-default\">\n\t\t\t\t\t<div class=\"elementor-column elementor-col-100 elementor-top-column elementor-element elementor-element-ef82876\" data-id=\"ef82876\" data-element_type=\"column\">\n\t\t\t<div class=\"elementor-widget-wrap elementor-element-populated\">\n\t\t\t\t\t\t\t\t<div class=\"elementor-element elementor-element-49fae85 elementor-widget elementor-widget-heading\" data-id=\"49fae85\" data-element_type=\"widget\" data-widget_type=\"heading.default\">\n\t\t\t\t<div class=\"elementor-widget-container\">\n\t\t\t<style>\/*! elementor - v3.6.5 - 27-04-2022 *\/\n.elementor-heading-title{padding:0;margin:0;line-height:1}.elementor-widget-heading .elementor-heading-title[class*=elementor-size-]>a{color:inherit;font-size:inherit;line-height:inherit}.elementor-widget-heading .elementor-heading-title.elementor-size-small{font-size:15px}.elementor-widget-heading .elementor-heading-title.elementor-size-medium{font-size:19px}.elementor-widget-heading .elementor-heading-title.elementor-size-large{font-size:29px}.elementor-widget-heading .elementor-heading-title.elementor-size-xl{font-size:39px}.elementor-widget-heading .elementor-heading-title.elementor-size-xxl{font-size:59px}<\/style><h2 class=\"elementor-heading-title elementor-size-default\">Ini\u00f6<\/h2>\t\t<\/div>\n\t\t\t\t<\/div>\n\t\t\t\t<div class=\"elementor-element elementor-element-354d2cd elementor-widget elementor-widget-text-editor\" data-id=\"354d2cd\" data-element_type=\"widget\" data-widget_type=\"text-editor.default\">\n\t\t\t\t<div class=\"elementor-widget-container\">\n\t\t\t<style>\/*! elementor - v3.6.5 - 27-04-2022 *\/\n.elementor-widget-text-editor.elementor-drop-cap-view-stacked .elementor-drop-cap{background-color:#818a91;color:#fff}.elementor-widget-text-editor.elementor-drop-cap-view-framed .elementor-drop-cap{color:#818a91;border:3px solid;background-color:transparent}.elementor-widget-text-editor:not(.elementor-drop-cap-view-default) .elementor-drop-cap{margin-top:8px}.elementor-widget-text-editor:not(.elementor-drop-cap-view-default) .elementor-drop-cap-letter{width:1em;height:1em}.elementor-widget-text-editor .elementor-drop-cap{float:left;text-align:center;line-height:1;font-size:50px}.elementor-widget-text-editor .elementor-drop-cap-letter{display:inline-block}<\/style>\t\t\t\t<div class=\"wnd-align-center\"><p>Saariston rengastien ensimm\u00e4inen taikka viimeinen saari, Ini\u00f6 on tunnettu upeista maisemistaan, vieraanvaraisista asukkaistaan sek\u00e4 eloisasta veneturismistaan.<\/p><p>Norrbyn satama antaa monelle veneilij\u00f6ille ensivaikutelman Ini\u00f6st\u00e4, mutta Ini\u00f6\u00f6ss\u00e4 ennen k\u00e4yneet tiet\u00e4v\u00e4t ett\u00e4 saarella on paljon muuta tarjottavaa kuin vain mahtava satama.<\/p><p>Ini\u00f6 tarjoaa muun muassa lukuisia majoitusvaihtoehtoja, ravintoloita ja kahvila.<\/p><\/div>\t\t\t\t\t\t<\/div>\n\t\t\t\t<\/div>\n\t\t\t\t\t<\/div>\n\t\t<\/div>\n\t\t\t\t\t\t\t<\/div>\n\t\t<\/section>\n\t\t\t\t<section class=\"elementor-section elementor-top-section elementor-element elementor-element-6a3d42f elementor-section-boxed elementor-section-height-default elementor-section-height-default\" data-id=\"6a3d42f\" data-element_type=\"section\">\n\t\t\t\t\t\t<div class=\"elementor-container elementor-column-gap-default\">\n\t\t\t\t\t<div class=\"elementor-column elementor-col-100 elementor-top-column elementor-element elementor-element-70f23e1\" data-id=\"70f23e1\" data-element_type=\"column\">\n\t\t\t<div class=\"elementor-widget-wrap elementor-element-populated\">\n\t\t\t\t\t\t\t\t<div class=\"elementor-element elementor-element-827e284 elementor-widget elementor-widget-spacer\" data-id=\"827e284\" data-element_type=\"widget\" data-widget_type=\"spacer.default\">\n\t\t\t\t<div class=\"elementor-widget-container\">\n\t\t\t<style>\/*! elementor - v3.6.5 - 27-04-2022 *\/\n.e-container.e-container--row .elementor-spacer-inner{width:var(--spacer-size)}.e-container.e-container--column .elementor-spacer-inner,.elementor-column .elementor-spacer-inner{height:var(--spacer-size)}<\/style>\t\t<div class=\"elementor-spacer\">\n\t\t\t<div class=\"elementor-spacer-inner\"><\/div>\n\t\t<\/div>\n\t\t\t\t<\/div>\n\t\t\t\t<\/div>\n\t\t\t\t<div class=\"elementor-element elementor-element-9206d5d elementor-widget elementor-widget-heading\" data-id=\"9206d5d\" data-element_type=\"widget\" data-widget_type=\"heading.default\">\n\t\t\t\t<div class=\"elementor-widget-container\">\n\t\t\t<h2 class=\"elementor-heading-title elementor-size-default\">Alla olevalta kartalta l\u00f6yd\u00e4tte Ini\u00f6n tarjoamia n\u00e4ht\u00e4vyyksi\u00e4 sek\u00e4 palveluja  <\/h2>\t\t<\/div>\n\t\t\t\t<\/div>\n\t\t\t\t\t<\/div>\n\t\t<\/div>\n\t\t\t\t\t\t\t<\/div>\n\t\t<\/section>\n\t\t\t\t<section class=\"elementor-section elementor-top-section elementor-element elementor-element-602383e elementor-section-boxed elementor-section-height-default elementor-section-height-default\" data-id=\"602383e\" data-element_type=\"section\">\n\t\t\t\t\t\t<div class=\"elementor-container elementor-column-gap-default\">\n\t\t\t\t\t<div class=\"elementor-column elementor-col-100 elementor-top-column elementor-element elementor-element-710d35c\" data-id=\"710d35c\" data-element_type=\"column\">\n\t\t\t<div class=\"elementor-widget-wrap elementor-element-populated\">\n\t\t\t\t\t\t\t\t<div class=\"elementor-element elementor-element-852d952 elementor-widget elementor-widget-text-editor\" data-id=\"852d952\" data-element_type=\"widget\" data-widget_type=\"text-editor.default\">\n\t\t\t\t<div class=\"elementor-widget-container\">\n\t\t\t\t\t\t\t<iframe loading=\"lazy\" src=\"https:\/\/www.google.com\/maps\/d\/u\/0\/embed?mid=14hvKOxtffWSuYDoZFEgzgmU_F7hD9dSV\" width=\"640\" height=\"480\"><\/iframe>\t\t\t\t\t\t<\/div>\n\t\t\t\t<\/div>\n\t\t\t\t\t<\/div>\n\t\t<\/div>\n\t\t\t\t\t\t\t<\/div>\n\t\t<\/section>\n\t\t\t\t\t\t\t<\/div>\n\t\t","protected":false},"excerpt":{"rendered":"<p>Ini\u00f6 Saariston rengastien ensimm\u00e4inen taikka viimeinen saari, Ini\u00f6 on tunnettu upeista maisemistaan, vieraanvaraisista asukkaistaan sek\u00e4 eloisasta veneturismistaan. Norrbyn satama antaa monelle veneilij\u00f6ille ensivaikutelman Ini\u00f6st\u00e4, mutta Ini\u00f6\u00f6ss\u00e4 ennen k\u00e4yneet tiet\u00e4v\u00e4t ett\u00e4 saarella on paljon muuta tarjottavaa kuin vain mahtava satama. Ini\u00f6 tarjoaa muun muassa lukuisia majoitusvaihtoehtoja, ravintoloita ja kahvila. Alla olevalta kartalta l\u00f6yd\u00e4tte Ini\u00f6n tarjoamia n\u00e4ht\u00e4vyyksi\u00e4 [&hellip;]<\/p>\n","protected":false},"author":1,"featured_media":9,"parent":0,"menu_order":0,"comment_status":"closed","ping_status":"closed","template":"","meta":[],"_links":{"self":[{"href":"https:\/\/norrbyhamn.fi\/index.php\/wp-json\/wp\/v2\/pages\/461"}],"collection":[{"href":"https:\/\/norrbyhamn.fi\/index.php\/wp-json\/wp\/v2\/pages"}],"about":[{"href":"https:\/\/norrbyhamn.fi\/index.php\/wp-json\/wp\/v2\/types\/page"}],"author":[{"embeddable":true,"href":"https:\/\/norrbyhamn.fi\/index.php\/wp-json\/wp\/v2\/users\/1"}],"replies":[{"embeddable":true,"href":"https:\/\/norrbyhamn.fi\/index.php\/wp-json\/wp\/v2\/comments?post=461"}],"version-history":[{"count":11,"href":"https:\/\/norrbyhamn.fi\/index.php\/wp-json\/wp\/v2\/pages\/461\/revisions"}],"predecessor-version":[{"id":535,"href":"https:\/\/norrbyhamn.fi\/index.php\/wp-json\/wp\/v2\/pages\/461\/revisions\/535"}],"wp:featuredmedia":[{"embeddable":true,"href":"https:\/\/norrbyhamn.fi\/index.php\/wp-json\/wp\/v2\/media\/9"}],"wp:attachment":[{"href":"https:\/\/norrbyhamn.fi\/index.php\/wp-json\/wp\/v2\/media?parent=461"}],"curies":[{"name":"wp","href":"https:\/\/api.w.org\/{rel}","templated":true}]}}